{"id":757,"date":"2022-12-28T21:55:44","date_gmt":"2022-12-28T21:55:44","guid":{"rendered":"https:\/\/sihirliellerkuafor.com\/our-hall\/"},"modified":"2023-01-01T14:26:45","modified_gmt":"2023-01-01T14:26:45","slug":"%d0%bd%d0%b0%d1%88-%d0%b7%d0%b0%d0%bb","status":"publish","type":"page","link":"https:\/\/sihirliellerkuafor.com\/ru\/%d0%bd%d0%b0%d1%88-%d0%b7%d0%b0%d0%bb\/","title":{"rendered":"\u041d\u0430\u0448 \u0437\u0430\u043b"},"content":{"rendered":"","protected":false},"excerpt":{"rendered":"","protected":false},"author":1,"featured_media":0,"parent":0,"menu_order":0,"comment_status":"closed","ping_status":"closed","template":"template\/salon.php","meta":{"footnotes":""},"class_list":["post-757","page","type-page","status-publish","hentry"],"yoast_head":"<!-- This site is optimized with the Yoast SEO plugin v19.13 - https:\/\/yoast.com\/wordpress\/plugins\/seo\/ -->\n<title>\u041d\u0430\u0448 \u0437\u0430\u043b - Sihirli Els \u0416\u0435\u043d\u0441\u043a\u0438\u0439 \u041f\u0430\u0440\u0438\u043a\u043c\u0430\u0445\u0435\u0440 Ku\u015fadas\u0131<\/title>\n<meta name=\"description\" content=\"Sihirli Eller Coiffeur \u041a\u0443\u0448\u0430\u0434\u0430\u0441\u044b, \u0443\u0445\u043e\u0434 \u0437\u0430 \u0432\u043e\u043b\u043e\u0441\u0430\u043c\u0438 \u041a\u0443\u0448\u0430\u0434\u0430\u0441\u044b, \u0441\u0442\u0440\u0438\u0436\u043a\u0430 \u041a\u0443\u0448\u0430\u0434\u0430\u0441\u044b, \u043e\u043a\u0440\u0430\u0448\u0438\u0432\u0430\u043d\u0438\u0435 \u0432\u043e\u043b\u043e\u0441 \u041a\u0443\u0448\u0430\u0434\u0430\u0441\u044b, \u0443\u043a\u043b\u0430\u0434\u043a\u0430 \u0432\u043e\u043b\u043e\u0441 \u041a\u0443\u0448\u0430\u0434\u0430\u0441\u044b, \u043f\u0430\u0440\u0438\u043a\u043c\u0430\u0445\u0435\u0440 \u041a\u0443\u0448\u0430\u0434\u0430\u0441\u044b\" \/>\n<meta name=\"robots\" content=\"index, follow, max-snippet:-1, max-image-preview:large, max-video-preview:-1\" \/>\n<link rel=\"canonical\" href=\"https:\/\/sihirliellerkuafor.com\/ru\/\u043d\u0430\u0448-\u0437\u0430\u043b\/\" \/>\n<meta property=\"og:locale\" content=\"ru_RU\" \/>\n<meta property=\"og:type\" content=\"article\" \/>\n<meta property=\"og:title\" content=\"\u041d\u0430\u0448 \u0437\u0430\u043b - Sihirli Els \u0416\u0435\u043d\u0441\u043a\u0438\u0439 \u041f\u0430\u0440\u0438\u043a\u043c\u0430\u0445\u0435\u0440 Ku\u015fadas\u0131\" \/>\n<meta property=\"og:description\" content=\"Sihirli Eller Coiffeur \u041a\u0443\u0448\u0430\u0434\u0430\u0441\u044b, \u0443\u0445\u043e\u0434 \u0437\u0430 \u0432\u043e\u043b\u043e\u0441\u0430\u043c\u0438 \u041a\u0443\u0448\u0430\u0434\u0430\u0441\u044b, \u0441\u0442\u0440\u0438\u0436\u043a\u0430 \u041a\u0443\u0448\u0430\u0434\u0430\u0441\u044b, \u043e\u043a\u0440\u0430\u0448\u0438\u0432\u0430\u043d\u0438\u0435 \u0432\u043e\u043b\u043e\u0441 \u041a\u0443\u0448\u0430\u0434\u0430\u0441\u044b, \u0443\u043a\u043b\u0430\u0434\u043a\u0430 \u0432\u043e\u043b\u043e\u0441 \u041a\u0443\u0448\u0430\u0434\u0430\u0441\u044b, \u043f\u0430\u0440\u0438\u043a\u043c\u0430\u0445\u0435\u0440 \u041a\u0443\u0448\u0430\u0434\u0430\u0441\u044b\" \/>\n<meta property=\"og:url\" content=\"https:\/\/sihirliellerkuafor.com\/ru\/\u043d\u0430\u0448-\u0437\u0430\u043b\/\" \/>\n<meta property=\"og:site_name\" content=\"Sihirli Eller Kuaf\u00f6r Ku\u015fadas\u0131\" \/>\n<meta property=\"article:modified_time\" content=\"2023-01-01T14:26:45+00:00\" \/>\n<meta name=\"twitter:card\" content=\"summary_large_image\" \/>\n<script type=\"application\/ld+json\" class=\"yoast-schema-graph\">{\"@context\":\"https:\/\/schema.org\",\"@graph\":[{\"@type\":\"WebPage\",\"@id\":\"https:\/\/sihirliellerkuafor.com\/ru\/%d0%bd%d0%b0%d1%88-%d0%b7%d0%b0%d0%bb\/\",\"url\":\"https:\/\/sihirliellerkuafor.com\/ru\/%d0%bd%d0%b0%d1%88-%d0%b7%d0%b0%d0%bb\/\",\"name\":\"\u041d\u0430\u0448 \u0437\u0430\u043b - Sihirli Els \u0416\u0435\u043d\u0441\u043a\u0438\u0439 \u041f\u0430\u0440\u0438\u043a\u043c\u0430\u0445\u0435\u0440 Ku\u015fadas\u0131\",\"isPartOf\":{\"@id\":\"https:\/\/sihirliellerkuafor.com\/#website\"},\"datePublished\":\"2022-12-28T21:55:44+00:00\",\"dateModified\":\"2023-01-01T14:26:45+00:00\",\"description\":\"Sihirli Eller Coiffeur \u041a\u0443\u0448\u0430\u0434\u0430\u0441\u044b, \u0443\u0445\u043e\u0434 \u0437\u0430 \u0432\u043e\u043b\u043e\u0441\u0430\u043c\u0438 \u041a\u0443\u0448\u0430\u0434\u0430\u0441\u044b, \u0441\u0442\u0440\u0438\u0436\u043a\u0430 \u041a\u0443\u0448\u0430\u0434\u0430\u0441\u044b, \u043e\u043a\u0440\u0430\u0448\u0438\u0432\u0430\u043d\u0438\u0435 \u0432\u043e\u043b\u043e\u0441 \u041a\u0443\u0448\u0430\u0434\u0430\u0441\u044b, \u0443\u043a\u043b\u0430\u0434\u043a\u0430 \u0432\u043e\u043b\u043e\u0441 \u041a\u0443\u0448\u0430\u0434\u0430\u0441\u044b, \u043f\u0430\u0440\u0438\u043a\u043c\u0430\u0445\u0435\u0440 \u041a\u0443\u0448\u0430\u0434\u0430\u0441\u044b\",\"breadcrumb\":{\"@id\":\"https:\/\/sihirliellerkuafor.com\/ru\/%d0%bd%d0%b0%d1%88-%d0%b7%d0%b0%d0%bb\/#breadcrumb\"},\"inLanguage\":\"ru-RU\",\"potentialAction\":[{\"@type\":\"ReadAction\",\"target\":[\"https:\/\/sihirliellerkuafor.com\/ru\/%d0%bd%d0%b0%d1%88-%d0%b7%d0%b0%d0%bb\/\"]}]},{\"@type\":\"BreadcrumbList\",\"@id\":\"https:\/\/sihirliellerkuafor.com\/ru\/%d0%bd%d0%b0%d1%88-%d0%b7%d0%b0%d0%bb\/#breadcrumb\",\"itemListElement\":[{\"@type\":\"ListItem\",\"position\":1,\"name\":\"Anasayfa\",\"item\":\"https:\/\/sihirliellerkuafor.com\/ru\/\"},{\"@type\":\"ListItem\",\"position\":2,\"name\":\"\u041d\u0430\u0448 \u0437\u0430\u043b\"}]},{\"@type\":\"WebSite\",\"@id\":\"https:\/\/sihirliellerkuafor.com\/#website\",\"url\":\"https:\/\/sihirliellerkuafor.com\/\",\"name\":\"Sihirli Eller Kuaf\u00f6r Ku\u015fadas\u0131\",\"description\":\"\",\"publisher\":{\"@id\":\"https:\/\/sihirliellerkuafor.com\/#organization\"},\"potentialAction\":[{\"@type\":\"SearchAction\",\"target\":{\"@type\":\"EntryPoint\",\"urlTemplate\":\"https:\/\/sihirliellerkuafor.com\/?s={search_term_string}\"},\"query-input\":\"required name=search_term_string\"}],\"inLanguage\":\"ru-RU\"},{\"@type\":\"Organization\",\"@id\":\"https:\/\/sihirliellerkuafor.com\/#organization\",\"name\":\"Sihirli Eller Kuaf\u00f6r Ku\u015fadas\u0131\",\"url\":\"https:\/\/sihirliellerkuafor.com\/\",\"logo\":{\"@type\":\"ImageObject\",\"inLanguage\":\"ru-RU\",\"@id\":\"https:\/\/sihirliellerkuafor.com\/#\/schema\/logo\/image\/\",\"url\":\"https:\/\/sihirliellerkuafor.com\/wp-content\/uploads\/2022\/12\/logo-beyaz.png\",\"contentUrl\":\"https:\/\/sihirliellerkuafor.com\/wp-content\/uploads\/2022\/12\/logo-beyaz.png\",\"width\":838,\"height\":237,\"caption\":\"Sihirli Eller Kuaf\u00f6r Ku\u015fadas\u0131\"},\"image\":{\"@id\":\"https:\/\/sihirliellerkuafor.com\/#\/schema\/logo\/image\/\"},\"sameAs\":[\"https:\/\/www.instagram.com\/sihirli_els_kuafor\/\",\"https:\/\/www.tiktok.com\/@sihirliellerkuafor09\"]}]}<\/script>\n<!-- \/ Yoast SEO plugin. -->","yoast_head_json":{"title":"\u041d\u0430\u0448 \u0437\u0430\u043b - Sihirli Els \u0416\u0435\u043d\u0441\u043a\u0438\u0439 \u041f\u0430\u0440\u0438\u043a\u043c\u0430\u0445\u0435\u0440 Ku\u015fadas\u0131","description":"Sihirli Eller Coiffeur \u041a\u0443\u0448\u0430\u0434\u0430\u0441\u044b, \u0443\u0445\u043e\u0434 \u0437\u0430 \u0432\u043e\u043b\u043e\u0441\u0430\u043c\u0438 \u041a\u0443\u0448\u0430\u0434\u0430\u0441\u044b, \u0441\u0442\u0440\u0438\u0436\u043a\u0430 \u041a\u0443\u0448\u0430\u0434\u0430\u0441\u044b, \u043e\u043a\u0440\u0430\u0448\u0438\u0432\u0430\u043d\u0438\u0435 \u0432\u043e\u043b\u043e\u0441 \u041a\u0443\u0448\u0430\u0434\u0430\u0441\u044b, \u0443\u043a\u043b\u0430\u0434\u043a\u0430 \u0432\u043e\u043b\u043e\u0441 \u041a\u0443\u0448\u0430\u0434\u0430\u0441\u044b, \u043f\u0430\u0440\u0438\u043a\u043c\u0430\u0445\u0435\u0440 \u041a\u0443\u0448\u0430\u0434\u0430\u0441\u044b","robots":{"index":"index","follow":"follow","max-snippet":"max-snippet:-1","max-image-preview":"max-image-preview:large","max-video-preview":"max-video-preview:-1"},"canonical":"https:\/\/sihirliellerkuafor.com\/ru\/\u043d\u0430\u0448-\u0437\u0430\u043b\/","og_locale":"ru_RU","og_type":"article","og_title":"\u041d\u0430\u0448 \u0437\u0430\u043b - Sihirli Els \u0416\u0435\u043d\u0441\u043a\u0438\u0439 \u041f\u0430\u0440\u0438\u043a\u043c\u0430\u0445\u0435\u0440 Ku\u015fadas\u0131","og_description":"Sihirli Eller Coiffeur \u041a\u0443\u0448\u0430\u0434\u0430\u0441\u044b, \u0443\u0445\u043e\u0434 \u0437\u0430 \u0432\u043e\u043b\u043e\u0441\u0430\u043c\u0438 \u041a\u0443\u0448\u0430\u0434\u0430\u0441\u044b, \u0441\u0442\u0440\u0438\u0436\u043a\u0430 \u041a\u0443\u0448\u0430\u0434\u0430\u0441\u044b, \u043e\u043a\u0440\u0430\u0448\u0438\u0432\u0430\u043d\u0438\u0435 \u0432\u043e\u043b\u043e\u0441 \u041a\u0443\u0448\u0430\u0434\u0430\u0441\u044b, \u0443\u043a\u043b\u0430\u0434\u043a\u0430 \u0432\u043e\u043b\u043e\u0441 \u041a\u0443\u0448\u0430\u0434\u0430\u0441\u044b, \u043f\u0430\u0440\u0438\u043a\u043c\u0430\u0445\u0435\u0440 \u041a\u0443\u0448\u0430\u0434\u0430\u0441\u044b","og_url":"https:\/\/sihirliellerkuafor.com\/ru\/\u043d\u0430\u0448-\u0437\u0430\u043b\/","og_site_name":"Sihirli Eller Kuaf\u00f6r Ku\u015fadas\u0131","article_modified_time":"2023-01-01T14:26:45+00:00","twitter_card":"summary_large_image","schema":{"@context":"https:\/\/schema.org","@graph":[{"@type":"WebPage","@id":"https:\/\/sihirliellerkuafor.com\/ru\/%d0%bd%d0%b0%d1%88-%d0%b7%d0%b0%d0%bb\/","url":"https:\/\/sihirliellerkuafor.com\/ru\/%d0%bd%d0%b0%d1%88-%d0%b7%d0%b0%d0%bb\/","name":"\u041d\u0430\u0448 \u0437\u0430\u043b - Sihirli Els \u0416\u0435\u043d\u0441\u043a\u0438\u0439 \u041f\u0430\u0440\u0438\u043a\u043c\u0430\u0445\u0435\u0440 Ku\u015fadas\u0131","isPartOf":{"@id":"https:\/\/sihirliellerkuafor.com\/#website"},"datePublished":"2022-12-28T21:55:44+00:00","dateModified":"2023-01-01T14:26:45+00:00","description":"Sihirli Eller Coiffeur \u041a\u0443\u0448\u0430\u0434\u0430\u0441\u044b, \u0443\u0445\u043e\u0434 \u0437\u0430 \u0432\u043e\u043b\u043e\u0441\u0430\u043c\u0438 \u041a\u0443\u0448\u0430\u0434\u0430\u0441\u044b, \u0441\u0442\u0440\u0438\u0436\u043a\u0430 \u041a\u0443\u0448\u0430\u0434\u0430\u0441\u044b, \u043e\u043a\u0440\u0430\u0448\u0438\u0432\u0430\u043d\u0438\u0435 \u0432\u043e\u043b\u043e\u0441 \u041a\u0443\u0448\u0430\u0434\u0430\u0441\u044b, \u0443\u043a\u043b\u0430\u0434\u043a\u0430 \u0432\u043e\u043b\u043e\u0441 \u041a\u0443\u0448\u0430\u0434\u0430\u0441\u044b, \u043f\u0430\u0440\u0438\u043a\u043c\u0430\u0445\u0435\u0440 \u041a\u0443\u0448\u0430\u0434\u0430\u0441\u044b","breadcrumb":{"@id":"https:\/\/sihirliellerkuafor.com\/ru\/%d0%bd%d0%b0%d1%88-%d0%b7%d0%b0%d0%bb\/#breadcrumb"},"inLanguage":"ru-RU","potentialAction":[{"@type":"ReadAction","target":["https:\/\/sihirliellerkuafor.com\/ru\/%d0%bd%d0%b0%d1%88-%d0%b7%d0%b0%d0%bb\/"]}]},{"@type":"BreadcrumbList","@id":"https:\/\/sihirliellerkuafor.com\/ru\/%d0%bd%d0%b0%d1%88-%d0%b7%d0%b0%d0%bb\/#breadcrumb","itemListElement":[{"@type":"ListItem","position":1,"name":"Anasayfa","item":"https:\/\/sihirliellerkuafor.com\/ru\/"},{"@type":"ListItem","position":2,"name":"\u041d\u0430\u0448 \u0437\u0430\u043b"}]},{"@type":"WebSite","@id":"https:\/\/sihirliellerkuafor.com\/#website","url":"https:\/\/sihirliellerkuafor.com\/","name":"Sihirli Eller Kuaf\u00f6r Ku\u015fadas\u0131","description":"","publisher":{"@id":"https:\/\/sihirliellerkuafor.com\/#organization"},"potentialAction":[{"@type":"SearchAction","target":{"@type":"EntryPoint","urlTemplate":"https:\/\/sihirliellerkuafor.com\/?s={search_term_string}"},"query-input":"required name=search_term_string"}],"inLanguage":"ru-RU"},{"@type":"Organization","@id":"https:\/\/sihirliellerkuafor.com\/#organization","name":"Sihirli Eller Kuaf\u00f6r Ku\u015fadas\u0131","url":"https:\/\/sihirliellerkuafor.com\/","logo":{"@type":"ImageObject","inLanguage":"ru-RU","@id":"https:\/\/sihirliellerkuafor.com\/#\/schema\/logo\/image\/","url":"https:\/\/sihirliellerkuafor.com\/wp-content\/uploads\/2022\/12\/logo-beyaz.png","contentUrl":"https:\/\/sihirliellerkuafor.com\/wp-content\/uploads\/2022\/12\/logo-beyaz.png","width":838,"height":237,"caption":"Sihirli Eller Kuaf\u00f6r Ku\u015fadas\u0131"},"image":{"@id":"https:\/\/sihirliellerkuafor.com\/#\/schema\/logo\/image\/"},"sameAs":["https:\/\/www.instagram.com\/sihirli_els_kuafor\/","https:\/\/www.tiktok.com\/@sihirliellerkuafor09"]}]}},"_links":{"self":[{"href":"https:\/\/sihirliellerkuafor.com\/ru\/wp-json\/wp\/v2\/pages\/757","targetHints":{"allow":["GET"]}}],"collection":[{"href":"https:\/\/sihirliellerkuafor.com\/ru\/wp-json\/wp\/v2\/pages"}],"about":[{"href":"https:\/\/sihirliellerkuafor.com\/ru\/wp-json\/wp\/v2\/types\/page"}],"author":[{"embeddable":true,"href":"https:\/\/sihirliellerkuafor.com\/ru\/wp-json\/wp\/v2\/users\/1"}],"replies":[{"embeddable":true,"href":"https:\/\/sihirliellerkuafor.com\/ru\/wp-json\/wp\/v2\/comments?post=757"}],"version-history":[{"count":1,"href":"https:\/\/sihirliellerkuafor.com\/ru\/wp-json\/wp\/v2\/pages\/757\/revisions"}],"predecessor-version":[{"id":758,"href":"https:\/\/sihirliellerkuafor.com\/ru\/wp-json\/wp\/v2\/pages\/757\/revisions\/758"}],"wp:attachment":[{"href":"https:\/\/sihirliellerkuafor.com\/ru\/wp-json\/wp\/v2\/media?parent=757"}],"curies":[{"name":"wp","href":"https:\/\/api.w.org\/{rel}","templated":true}]}}