{"id":898,"date":"2023-02-03T01:27:39","date_gmt":"2023-02-02T22:27:39","guid":{"rendered":"https:\/\/sihirliellerkuafor.com\/videolar\/"},"modified":"2025-04-09T08:00:52","modified_gmt":"2025-04-09T05:00:52","slug":"videos","status":"publish","type":"page","link":"https:\/\/sihirliellerkuafor.com\/en\/videos\/","title":{"rendered":"Videos"},"content":{"rendered":"<div style=\"display:flex;flex-wrap:wrap;justify-content:center;gap:10px;\"><iframe loading=\"lazy\" title=\"kopmu\u015f Sar\u0131 sa\u00e7 ne yap\u0131labilir?  siz olsan\u0131z ne yapard\u0131n\u0131z? #sa\u00e7a\u00e7ma #sa\u00e7  #hair #kuaf\u00f6r #sa\u00e7boyama\" src=\"https:\/\/www.youtube.com\/embed\/oV4snwfZgdM\" width=\"320\" height=\"560\" frameborder=\"0\" allowfullscreen=\"allowfullscreen\"><\/iframe><iframe loading=\"lazy\" title=\"SA\u00c7 RENG\u0130 DE\u011e\u0130\u015e\u0130M\u0130 VE A\u00c7ICI KULLANIRKEN D\u0130KKAT ED\u0130LMES\u0130 GEREK\u0130LENLER \u203c\ufe0f #evdesa\u00e7a\u00e7ma #sa\u00e7a\u00e7ma #hair\" src=\"https:\/\/www.youtube.com\/embed\/BPbIEtmBQuM\" width=\"320\" height=\"560\" frameborder=\"0\" allowfullscreen=\"allowfullscreen\"><\/iframe><iframe loading=\"lazy\" title=\"\u0130ZLE, \u00d6\u011eREN \u00e7atalla\u015fm\u0131\u015f k\u0131r\u0131k sa\u00e7 u\u00e7lar\u0131 nas\u0131l temizlenir #kuaf\u00f6r #hair #k\u0131r\u0131ksa\u00e7\" src=\"https:\/\/www.youtube.com\/embed\/0DyGpv-Aa4E\" width=\"320\" height=\"560\" frameborder=\"0\" allowfullscreen=\"allowfullscreen\"><\/iframe><iframe loading=\"lazy\" title=\"Sa\u00e7 d\u00fczle\u015ftirici Keratin hakk\u0131nda bilinmeyenler  #keratin #keratinhairtreatment #kuaf\u00f6r #hair #d\u00fcz\" src=\"https:\/\/www.youtube.com\/embed\/BUZG9e3_rKs\" width=\"320\" height=\"560\" frameborder=\"0\" allowfullscreen=\"allowfullscreen\"><\/iframe><iframe loading=\"lazy\" title=\"Sar\u0131 sa\u00e7lar da f\u00f6n nas\u0131l \u00e7ekilir\" src=\"https:\/\/www.youtube.com\/embed\/Ga5bEs33H0E\" width=\"320\" height=\"560\" frameborder=\"0\" allowfullscreen=\"allowfullscreen\"><\/iframe><iframe loading=\"lazy\" title=\"K\u0131z\u0131l sa\u00e7 sar\u0131ya d\u00f6nermi k\u0131z\u0131l sa\u00e7 boyas\u0131 ak\u0131t\u0131l\u0131r m\u0131 #kuaf\u00f6r #sa\u00e7a\u00e7ma #k\u0131z\u0131lsa\u00e7  #Howtofaderedhair\" src=\"https:\/\/www.youtube.com\/embed\/ILsSCtMI9h4\" width=\"320\" height=\"560\" frameborder=\"0\" allowfullscreen=\"allowfullscreen\"><\/iframe><iframe loading=\"lazy\" title=\"1960 ile 2025 sa\u00e7 trend modelleri  #kuaf\u00f6r #hairstyle #g\u00fczellik  #sa\u00e7stilleri #shorts #hairshorts\" src=\"https:\/\/www.youtube.com\/embed\/0byRx9d6o-M\" width=\"320\" height=\"560\" frameborder=\"0\" allowfullscreen=\"allowfullscreen\"><\/iframe><iframe loading=\"lazy\" title=\"Ustura  sa\u00e7 a zararl\u0131m\u0131d\u0131r..  #kuaf\u00f6r #hairstyle #hair #makas #sa\u00e7 #haircut\" src=\"https:\/\/www.youtube.com\/embed\/BPkQrGHRDnU\" width=\"320\" height=\"560\" frameborder=\"0\" allowfullscreen=\"allowfullscreen\"><\/iframe><iframe loading=\"lazy\" title=\"Bunu bir\u00e7ok kuaf\u00f6r bilmiyor  #hairshorts #fasthairgrowthoil  #k\u0131ldant\u00fcydeni\u015fler #sihirlininonerileri\" src=\"https:\/\/www.youtube.com\/embed\/UUMWV7CCL_s\" width=\"320\" height=\"560\" frameborder=\"0\" allowfullscreen=\"allowfullscreen\"><\/iframe><iframe loading=\"lazy\" title=\"Pratik  \u015e\u0131k  Tamamlay\u0131c\u0131 \u00d6zel g\u00fcn sa\u00e7 modeli #kuaf\u00f6r #hairstyle  # #g\u00fczellik #topuz #topuzmodelleri\" src=\"https:\/\/www.youtube.com\/embed\/iCTek4dmIDE\" width=\"320\" height=\"560\" frameborder=\"0\" allowfullscreen=\"allowfullscreen\"><\/iframe><iframe loading=\"lazy\" title=\"Sa\u00e7lar\u0131m boyundan  \u00e7ok k\u0131sald\u0131 . \u00dcz\u00fclmemesi i\u00e7in boyunu kendisine kestirdim #hairstyle #sa\u00e7kesimi\" src=\"https:\/\/www.youtube.com\/embed\/RKBdxXujRF8\" width=\"320\" height=\"560\" frameborder=\"0\" allowfullscreen=\"allowfullscreen\"><\/iframe><iframe loading=\"lazy\" title=\"Al\u0131n k\u0131sm\u0131ndaki bebek sa\u00e7lar\u0131n\u0131zla ba\u015f\u0131n\u0131z dertte m\u0131 ?  #kuaf\u00f6r #hairstyle #g\u00fczellik #sa\u00e7  #topuz\" src=\"https:\/\/www.youtube.com\/embed\/xpvMoQq3sHk\" width=\"320\" height=\"560\" frameborder=\"0\" allowfullscreen=\"allowfullscreen\"><\/iframe><iframe loading=\"lazy\" title=\"Sar\u0131 sa\u00e7 k\u0131z\u0131l sa\u00e7 dore sa\u00e7 rengi kullananlar bilmeniz gereken \u00f6nemli t\u00fcyolar #kuaf\u00f6r #hairstyle\" src=\"https:\/\/www.youtube.com\/embed\/G9VyQzqnACI\" width=\"320\" height=\"560\" frameborder=\"0\" allowfullscreen=\"allowfullscreen\"><\/iframe><iframe loading=\"lazy\" title=\"\u00c7\u0131t \u00e7\u0131t sa\u00e7 kaynak takt\u0131ktan sonra kaymas\u0131n\u0131 nas\u0131l \u00f6nleriz. #kuaf\u00f6r #hairstyle #hair #g\u00fczellik #sa\u00e7\" src=\"https:\/\/www.youtube.com\/embed\/AzX_ynUmf9U\" width=\"320\" height=\"560\" frameborder=\"0\" allowfullscreen=\"allowfullscreen\"><\/iframe><iframe loading=\"lazy\" title=\"\u00c7ok i\u015flem g\u00f6rm\u00fc\u015f sa\u00e7\u0131m\u0131z\u0131 risk alarak  tekrar sar\u0131 tona d\u00f6n\u00fc\u015ft\u00fcrd\u00fck #kuaf\u00f6r #hairstyle #haircolor\" src=\"https:\/\/www.youtube.com\/embed\/x1nTtafbIKE\" width=\"320\" height=\"560\" frameborder=\"0\" allowfullscreen=\"allowfullscreen\"><\/iframe><iframe loading=\"lazy\" title=\"K\u00fcll\u00fc platin sar\u0131 ombre  balyaj v.s a\u00e7\u0131\u00e7\u0131 kullan\u0131lan i\u015flemlerde \u015fok cila tekni\u011fi #kuaf\u00f6r #hairstyle\" src=\"https:\/\/www.youtube.com\/embed\/gRW_Vo9ORV8\" width=\"320\" height=\"560\" frameborder=\"0\" allowfullscreen=\"allowfullscreen\"><\/iframe><iframe loading=\"lazy\" title=\"Sade \u015f\u0131k ve pratik ense topuzunu be\u011fendiniz mi ? Hair style #kuaf\u00f6r #topuzmodelleri\" src=\"https:\/\/www.youtube.com\/embed\/X2Y7lzMz6ig\" width=\"320\" height=\"560\" frameborder=\"0\" allowfullscreen=\"allowfullscreen\"><\/iframe><iframe loading=\"lazy\" title=\"Sa\u00e7 sakal t\u0131ra\u015f\u0131 \ud83d\ude01 #kuaf\u00f6r #sakal #erkekmodas\u0131 #kad\u0131n\u0131sterse\" src=\"https:\/\/www.youtube.com\/embed\/RRTQBqd8NN0\" width=\"320\" height=\"560\" frameborder=\"0\" allowfullscreen=\"allowfullscreen\"><\/iframe><iframe loading=\"lazy\" title=\"Pratik ters bal\u0131k s\u0131rt\u0131 \u00f6rg\u00fcs\u00fc #kuaf\u00f6r #\u00f6rg\u00fc #ters\u00f6rg\u00fc\" src=\"https:\/\/www.youtube.com\/embed\/n5EIKjk57qg\" width=\"320\" height=\"560\" frameborder=\"0\" allowfullscreen=\"allowfullscreen\"><\/iframe><iframe loading=\"lazy\" title=\"Sar\u0131 platin sa\u00e7 renginin k\u0131z\u0131l sa\u00e7 rengine  d\u00f6n\u00fc\u015f\u00fcm a\u015famas\u0131 #kuaf\u00f6r\" src=\"https:\/\/www.youtube.com\/embed\/Hig_Po6TZXk\" width=\"320\" height=\"560\" frameborder=\"0\" allowfullscreen=\"allowfullscreen\"><\/iframe><iframe loading=\"lazy\" title=\"#SLS \u015fampuan\u0131n i\u00e7eri\u011findeki fayda ve zararlar\u0131\" src=\"https:\/\/www.youtube.com\/embed\/macrNvT6HvU\" width=\"320\" height=\"560\" frameborder=\"0\" allowfullscreen=\"allowfullscreen\"><\/iframe><iframe loading=\"lazy\" title=\"Sa\u00e7 boyas\u0131 temizmi kirlimi sa\u00e7a boyanmal\u0131 #g\u00fczellik #kuaf\u00f6r #hairstyle #sa\u00e7boyama\" src=\"https:\/\/www.youtube.com\/embed\/HwxvQfyK71A\" width=\"320\" height=\"560\" frameborder=\"0\" allowfullscreen=\"allowfullscreen\"><\/iframe><iframe loading=\"lazy\" title=\"G\u00fc\u00e7s\u00fcz ve cans\u0131z sa\u00e7lar\u0131n\u0131z i\u00e7in t\u0131klay\u0131n #pratiktarifler #sa\u00e7 #weakhair #Hairbrittleness #hairstyle\" src=\"https:\/\/www.youtube.com\/embed\/4aMFLzhb2Us\" width=\"320\" height=\"560\" frameborder=\"0\" allowfullscreen=\"allowfullscreen\"><\/iframe><iframe loading=\"lazy\" title=\"lavanta ya\u011f\u0131n\u0131n sa\u00e7a faydas\u0131\" src=\"https:\/\/www.youtube.com\/embed\/6vZe-6uIEnE\" width=\"320\" height=\"560\" frameborder=\"0\" allowfullscreen=\"allowfullscreen\"><\/iframe><iframe loading=\"lazy\" title=\"(\u00c2det ) Regl d\u00f6nemi bitmeden kesinlikle a\u011fda yapt\u0131rmay\u0131n! #a\u011fda #ciltbak\u0131m\u0131 #leketedavisi #g\u00fczellik\" src=\"https:\/\/www.youtube.com\/embed\/IWzEXD641pM\" width=\"320\" height=\"560\" frameborder=\"0\" allowfullscreen=\"allowfullscreen\"><\/iframe><iframe loading=\"lazy\" title=\"Deride leke ve kararma nas\u0131l engellenir #ciltbak\u0131m\u0131 #a\u011fda #leketedavisi #genital\" src=\"https:\/\/www.youtube.com\/embed\/XMcxOjf9JQ4\" width=\"320\" height=\"560\" frameborder=\"0\" allowfullscreen=\"allowfullscreen\"><\/iframe><iframe loading=\"lazy\" title=\"Sa\u00e7lar\u0131n\u0131n d\u00fczle\u015ftiriciden yanmas\u0131n\u0131 istemiyorsan bu videoyu izlemelisin\" src=\"https:\/\/www.youtube.com\/embed\/gz9ZH_aCdho\" width=\"320\" height=\"560\" frameborder=\"0\" allowfullscreen=\"allowfullscreen\"><\/iframe><iframe loading=\"lazy\" title=\"Kopmu\u015f yanm\u0131\u015f sa\u00e7lar\u0131n\u0131z\u0131 harika bir \u00e7\u00f6z\u00fcm #a\u00e7\u0131c\u0131 #hair #sa\u00e7 #f\u00f6n #k\u0131v\u0131rc\u0131ksa\u00e7 #hairstyle #kuaf\u00f6r\" src=\"https:\/\/www.youtube.com\/embed\/D5WZ5GjS6QI\" width=\"320\" height=\"560\" frameborder=\"0\" allowfullscreen=\"allowfullscreen\"><\/iframe><iframe loading=\"lazy\" title=\"G\u00fcnl\u00fck do\u011fal \u015fekillendirme #ma\u015fa #k\u0131v\u0131rc\u0131ksa\u00e7\" src=\"https:\/\/www.youtube.com\/embed\/yTlxBfzzwys\" width=\"320\" height=\"560\" frameborder=\"0\" allowfullscreen=\"allowfullscreen\"><\/iframe><iframe loading=\"lazy\" title=\"so\u011fuk sar\u0131lar @sihirli_els_kuafor platin sar\u0131s\u0131\" src=\"https:\/\/www.youtube.com\/embed\/-nLk9VqCacw\" width=\"320\" height=\"560\" frameborder=\"0\" allowfullscreen=\"allowfullscreen\"><\/iframe><iframe loading=\"lazy\" title=\"tar\u00e7\u0131n bak\u0131r Renklendirme &amp; sa\u00e7 kesimi.          Hair color &amp;. Hair cut\" src=\"https:\/\/www.youtube.com\/embed\/LrIOiIfj0-c\" width=\"320\" height=\"560\" frameborder=\"0\" allowfullscreen=\"allowfullscreen\"><\/iframe><iframe loading=\"lazy\" title=\"bebek kumral\u0131 Renklendirme &amp; sa\u00e7 kesimi.            Hair color &amp;. Hair cut\" src=\"https:\/\/www.youtube.com\/embed\/dgP0gLch24s\" width=\"320\" height=\"560\" frameborder=\"0\" allowfullscreen=\"allowfullscreen\"><\/iframe><iframe loading=\"lazy\" title=\"\u015farap k\u0131z\u0131l\u0131  Renklendirme &amp; sa\u00e7 kesimi.            Hair color &amp; hair cut\" src=\"https:\/\/www.youtube.com\/embed\/MWF42b2N9M4\" width=\"320\" height=\"560\" frameborder=\"0\" allowfullscreen=\"allowfullscreen\"><\/iframe><iframe loading=\"lazy\" title=\"#germany #england #dekorasyon #i\u00e7erik #s\u00fcs #obje #vitrin  #eli\u015fi #tasar\u0131m\" src=\"https:\/\/www.youtube.com\/embed\/Gm6WoBDUOVw\" width=\"320\" height=\"560\" frameborder=\"0\" allowfullscreen=\"allowfullscreen\"><\/iframe><iframe loading=\"lazy\" title=\"Kad\u0131n isterse bir k\u00fct\u00fc\u011f\u00fc vitrin bile yapabilir \ud83e\udd70 #woman #isvec  #germany #girl #dekorasyon #i\u00e7erik\" src=\"https:\/\/www.youtube.com\/embed\/TwYKRTn9VG0\" width=\"320\" height=\"560\" frameborder=\"0\" allowfullscreen=\"allowfullscreen\"><\/iframe><iframe loading=\"lazy\" title=\"#ombre #woman #england #germany #girl #haircut #kahk\u00fcl #sackesimi #microkaynak #sar\u0131sa\u00e7lar\" src=\"https:\/\/www.youtube.com\/embed\/NL212aAgrBI\" width=\"320\" height=\"560\" frameborder=\"0\" allowfullscreen=\"allowfullscreen\"><\/iframe><iframe loading=\"lazy\" title=\"#microkaynak #woman #england #sar\u0131sa\u00e7lar #germany #girl #haircut #kahk\u00fcl #sackesimi\" src=\"https:\/\/www.youtube.com\/embed\/nZX65Ce3DHE\" width=\"320\" height=\"560\" frameborder=\"0\" allowfullscreen=\"allowfullscreen\"><\/iframe><iframe loading=\"lazy\" title=\"Pratik sa\u00e7 \u015fekillendirme teknikleri #woman sihirliels09@hotmail.com Facebook sayfam\u0131 takip l\u00fctfen\" src=\"https:\/\/www.youtube.com\/embed\/e4SkQ6r0mmM\" width=\"320\" height=\"560\" frameborder=\"0\" allowfullscreen=\"allowfullscreen\"><\/iframe><\/div>\n","protected":false},"excerpt":{"rendered":"","protected":false},"author":1,"featured_media":0,"parent":0,"menu_order":0,"comment_status":"closed","ping_status":"closed","template":"","meta":{"footnotes":""},"class_list":["post-898","page","type-page","status-publish","hentry"],"yoast_head":"<!-- This site is optimized with the Yoast SEO plugin v19.13 - https:\/\/yoast.com\/wordpress\/plugins\/seo\/ -->\n<title>Videos - Sihirli Eller Kuaf\u00f6r Ku\u015fadas\u0131<\/title>\n<meta name=\"description\" content=\"Magic Hands Hairdresser Kusadasi, Kusadasi hair care, Kusadasi haircut, Kusadasi hair coloring, Kusadasi hair design, women hairdresser Kusadasi\" \/>\n<meta name=\"robots\" content=\"index, follow, max-snippet:-1, max-image-preview:large, max-video-preview:-1\" \/>\n<link rel=\"canonical\" href=\"https:\/\/sihirliellerkuafor.com\/en\/videos\/\" \/>\n<meta property=\"og:locale\" content=\"en_US\" \/>\n<meta property=\"og:type\" content=\"article\" \/>\n<meta property=\"og:title\" content=\"Videos - Sihirli Eller Kuaf\u00f6r Ku\u015fadas\u0131\" \/>\n<meta property=\"og:description\" content=\"Magic Hands Hairdresser Kusadasi, Kusadasi hair care, Kusadasi haircut, Kusadasi hair coloring, Kusadasi hair design, women hairdresser Kusadasi\" \/>\n<meta property=\"og:url\" content=\"https:\/\/sihirliellerkuafor.com\/en\/videos\/\" \/>\n<meta property=\"og:site_name\" content=\"Sihirli Eller Kuaf\u00f6r Ku\u015fadas\u0131\" \/>\n<meta property=\"article:modified_time\" content=\"2025-04-09T05:00:52+00:00\" \/>\n<meta name=\"twitter:card\" content=\"summary_large_image\" \/>\n<script type=\"application\/ld+json\" class=\"yoast-schema-graph\">{\"@context\":\"https:\/\/schema.org\",\"@graph\":[{\"@type\":\"WebPage\",\"@id\":\"https:\/\/sihirliellerkuafor.com\/en\/videos\/\",\"url\":\"https:\/\/sihirliellerkuafor.com\/en\/videos\/\",\"name\":\"Videos - Sihirli Eller Kuaf\u00f6r Ku\u015fadas\u0131\",\"isPartOf\":{\"@id\":\"https:\/\/sihirliellerkuafor.com\/#website\"},\"datePublished\":\"2023-02-02T22:27:39+00:00\",\"dateModified\":\"2025-04-09T05:00:52+00:00\",\"description\":\"Magic Hands Hairdresser Kusadasi, Kusadasi hair care, Kusadasi haircut, Kusadasi hair coloring, Kusadasi hair design, women hairdresser Kusadasi\",\"breadcrumb\":{\"@id\":\"https:\/\/sihirliellerkuafor.com\/en\/videos\/#breadcrumb\"},\"inLanguage\":\"en-US\",\"potentialAction\":[{\"@type\":\"ReadAction\",\"target\":[\"https:\/\/sihirliellerkuafor.com\/en\/videos\/\"]}]},{\"@type\":\"BreadcrumbList\",\"@id\":\"https:\/\/sihirliellerkuafor.com\/en\/videos\/#breadcrumb\",\"itemListElement\":[{\"@type\":\"ListItem\",\"position\":1,\"name\":\"Anasayfa\",\"item\":\"https:\/\/sihirliellerkuafor.com\/en\/\"},{\"@type\":\"ListItem\",\"position\":2,\"name\":\"Videos\"}]},{\"@type\":\"WebSite\",\"@id\":\"https:\/\/sihirliellerkuafor.com\/#website\",\"url\":\"https:\/\/sihirliellerkuafor.com\/\",\"name\":\"Sihirli Eller Kuaf\u00f6r Ku\u015fadas\u0131\",\"description\":\"\",\"publisher\":{\"@id\":\"https:\/\/sihirliellerkuafor.com\/#organization\"},\"potentialAction\":[{\"@type\":\"SearchAction\",\"target\":{\"@type\":\"EntryPoint\",\"urlTemplate\":\"https:\/\/sihirliellerkuafor.com\/?s={search_term_string}\"},\"query-input\":\"required name=search_term_string\"}],\"inLanguage\":\"en-US\"},{\"@type\":\"Organization\",\"@id\":\"https:\/\/sihirliellerkuafor.com\/#organization\",\"name\":\"Sihirli Eller Kuaf\u00f6r Ku\u015fadas\u0131\",\"url\":\"https:\/\/sihirliellerkuafor.com\/\",\"logo\":{\"@type\":\"ImageObject\",\"inLanguage\":\"en-US\",\"@id\":\"https:\/\/sihirliellerkuafor.com\/#\/schema\/logo\/image\/\",\"url\":\"https:\/\/sihirliellerkuafor.com\/wp-content\/uploads\/2022\/12\/logo-beyaz.png\",\"contentUrl\":\"https:\/\/sihirliellerkuafor.com\/wp-content\/uploads\/2022\/12\/logo-beyaz.png\",\"width\":838,\"height\":237,\"caption\":\"Sihirli Eller Kuaf\u00f6r Ku\u015fadas\u0131\"},\"image\":{\"@id\":\"https:\/\/sihirliellerkuafor.com\/#\/schema\/logo\/image\/\"},\"sameAs\":[\"https:\/\/www.instagram.com\/sihirli_els_kuafor\/\",\"https:\/\/www.tiktok.com\/@sihirliellerkuafor09\"]}]}<\/script>\n<!-- \/ Yoast SEO plugin. -->","yoast_head_json":{"title":"Videos - Sihirli Eller Kuaf\u00f6r Ku\u015fadas\u0131","description":"Magic Hands Hairdresser Kusadasi, Kusadasi hair care, Kusadasi haircut, Kusadasi hair coloring, Kusadasi hair design, women hairdresser Kusadasi","robots":{"index":"index","follow":"follow","max-snippet":"max-snippet:-1","max-image-preview":"max-image-preview:large","max-video-preview":"max-video-preview:-1"},"canonical":"https:\/\/sihirliellerkuafor.com\/en\/videos\/","og_locale":"en_US","og_type":"article","og_title":"Videos - Sihirli Eller Kuaf\u00f6r Ku\u015fadas\u0131","og_description":"Magic Hands Hairdresser Kusadasi, Kusadasi hair care, Kusadasi haircut, Kusadasi hair coloring, Kusadasi hair design, women hairdresser Kusadasi","og_url":"https:\/\/sihirliellerkuafor.com\/en\/videos\/","og_site_name":"Sihirli Eller Kuaf\u00f6r Ku\u015fadas\u0131","article_modified_time":"2025-04-09T05:00:52+00:00","twitter_card":"summary_large_image","schema":{"@context":"https:\/\/schema.org","@graph":[{"@type":"WebPage","@id":"https:\/\/sihirliellerkuafor.com\/en\/videos\/","url":"https:\/\/sihirliellerkuafor.com\/en\/videos\/","name":"Videos - Sihirli Eller Kuaf\u00f6r Ku\u015fadas\u0131","isPartOf":{"@id":"https:\/\/sihirliellerkuafor.com\/#website"},"datePublished":"2023-02-02T22:27:39+00:00","dateModified":"2025-04-09T05:00:52+00:00","description":"Magic Hands Hairdresser Kusadasi, Kusadasi hair care, Kusadasi haircut, Kusadasi hair coloring, Kusadasi hair design, women hairdresser Kusadasi","breadcrumb":{"@id":"https:\/\/sihirliellerkuafor.com\/en\/videos\/#breadcrumb"},"inLanguage":"en-US","potentialAction":[{"@type":"ReadAction","target":["https:\/\/sihirliellerkuafor.com\/en\/videos\/"]}]},{"@type":"BreadcrumbList","@id":"https:\/\/sihirliellerkuafor.com\/en\/videos\/#breadcrumb","itemListElement":[{"@type":"ListItem","position":1,"name":"Anasayfa","item":"https:\/\/sihirliellerkuafor.com\/en\/"},{"@type":"ListItem","position":2,"name":"Videos"}]},{"@type":"WebSite","@id":"https:\/\/sihirliellerkuafor.com\/#website","url":"https:\/\/sihirliellerkuafor.com\/","name":"Sihirli Eller Kuaf\u00f6r Ku\u015fadas\u0131","description":"","publisher":{"@id":"https:\/\/sihirliellerkuafor.com\/#organization"},"potentialAction":[{"@type":"SearchAction","target":{"@type":"EntryPoint","urlTemplate":"https:\/\/sihirliellerkuafor.com\/?s={search_term_string}"},"query-input":"required name=search_term_string"}],"inLanguage":"en-US"},{"@type":"Organization","@id":"https:\/\/sihirliellerkuafor.com\/#organization","name":"Sihirli Eller Kuaf\u00f6r Ku\u015fadas\u0131","url":"https:\/\/sihirliellerkuafor.com\/","logo":{"@type":"ImageObject","inLanguage":"en-US","@id":"https:\/\/sihirliellerkuafor.com\/#\/schema\/logo\/image\/","url":"https:\/\/sihirliellerkuafor.com\/wp-content\/uploads\/2022\/12\/logo-beyaz.png","contentUrl":"https:\/\/sihirliellerkuafor.com\/wp-content\/uploads\/2022\/12\/logo-beyaz.png","width":838,"height":237,"caption":"Sihirli Eller Kuaf\u00f6r Ku\u015fadas\u0131"},"image":{"@id":"https:\/\/sihirliellerkuafor.com\/#\/schema\/logo\/image\/"},"sameAs":["https:\/\/www.instagram.com\/sihirli_els_kuafor\/","https:\/\/www.tiktok.com\/@sihirliellerkuafor09"]}]}},"_links":{"self":[{"href":"https:\/\/sihirliellerkuafor.com\/en\/wp-json\/wp\/v2\/pages\/898","targetHints":{"allow":["GET"]}}],"collection":[{"href":"https:\/\/sihirliellerkuafor.com\/en\/wp-json\/wp\/v2\/pages"}],"about":[{"href":"https:\/\/sihirliellerkuafor.com\/en\/wp-json\/wp\/v2\/types\/page"}],"author":[{"embeddable":true,"href":"https:\/\/sihirliellerkuafor.com\/en\/wp-json\/wp\/v2\/users\/1"}],"replies":[{"embeddable":true,"href":"https:\/\/sihirliellerkuafor.com\/en\/wp-json\/wp\/v2\/comments?post=898"}],"version-history":[{"count":2,"href":"https:\/\/sihirliellerkuafor.com\/en\/wp-json\/wp\/v2\/pages\/898\/revisions"}],"predecessor-version":[{"id":1415,"href":"https:\/\/sihirliellerkuafor.com\/en\/wp-json\/wp\/v2\/pages\/898\/revisions\/1415"}],"wp:attachment":[{"href":"https:\/\/sihirliellerkuafor.com\/en\/wp-json\/wp\/v2\/media?parent=898"}],"curies":[{"name":"wp","href":"https:\/\/api.w.org\/{rel}","templated":true}]}}